{"id":696,"date":"2021-08-17T18:33:41","date_gmt":"2021-08-17T16:33:41","guid":{"rendered":"https:\/\/www.marseilleseriesstories.com\/?page_id=696"},"modified":"2021-08-17T18:33:41","modified_gmt":"2021-08-17T16:33:41","slug":"legal-information","status":"publish","type":"page","link":"https:\/\/www.marseilleseriesstories.com\/en\/legal-information\/","title":{"rendered":"Legal information"},"content":{"rendered":"<p><strong>Editor <\/strong><\/p>\n<p>D\u00e9partement des Bouches-du-Rh\u00f4ne<\/p>\n<p>H\u00f4tel du D\u00e9partement, 52 avenue de Saint Just &#8211; 13256 cedex 20 Marseille<\/p>\n<p>+ 33 (0)4 13 31 13 13<\/p>\n<p>Email contact via https:\/\/www.departement13.fr\/demarche-qualite-accueil\/le-13-a-votre-ecoute\/<\/p>\n<p>Siret N\u00b0 : 221300015 00247<\/p>\n<p>Code APE : 8411Z &#8211; Administration publique g\u00e9n\u00e9rale<\/p>\n<p>&nbsp;<\/p>\n<p><strong>Publication Director<\/strong><\/p>\n<p>Martine Vassal, Pr\u00e9sidente du Conseil d\u00e9partemental des Bouches-du-Rh\u00f4ne<\/p>\n<p>&nbsp;<\/p>\n<p><strong>Web hosting <\/strong><\/p>\n<p>The site marseilleseriesstories.com is hosted by OVH SAS.<\/p>\n<p>Head office : 2 rue Kellermann, 59100 Roubaix &#8211; France<\/p>\n<p>+33 (0) 9 72 10 10 07<\/p>\n<p>&nbsp;<\/p>\n<p><strong>Credits<\/strong><\/p>\n<p>Website developed by <a href=\"https:\/\/www.puppets.fr\">Puppets<\/a><\/p>\n","protected":false},"excerpt":{"rendered":"<p>Editor D\u00e9partement des Bouches-du-Rh\u00f4ne H\u00f4tel du D\u00e9partement, 52 avenue de Saint Just &#8211; 13256 cedex 20 Marseille + 33 (0)4 13 31 13 13 Email contact via https:\/\/www.departement13.fr\/demarche-qualite-accueil\/le-13-a-votre-ecoute\/ Siret N\u00b0 : 221300015 00247 Code APE : 8411Z &#8211; Administration publique g\u00e9n\u00e9rale &nbsp; Publication Director Martine Vassal, Pr\u00e9sidente du Conseil d\u00e9partemental des Bouches-du-Rh\u00f4ne &nbsp; Web hosting [&hellip;]<\/p>\n","protected":false},"author":3,"featured_media":0,"parent":0,"menu_order":0,"comment_status":"closed","ping_status":"closed","template":"","meta":[],"acf":[],"yoast_head":"<!-- This site is optimized with the Yoast SEO plugin v21.8.1 - https:\/\/yoast.com\/wordpress\/plugins\/seo\/ -->\n<title>Legal information - Marseille Serie Stories<\/title>\n<meta name=\"robots\" content=\"index, follow, max-snippet:-1, max-image-preview:large, max-video-preview:-1\" \/>\n<link rel=\"canonical\" href=\"https:\/\/www.marseilleseriesstories.com\/en\/legal-information\/\" \/>\n<meta property=\"og:locale\" content=\"en_US\" \/>\n<meta property=\"og:type\" content=\"article\" \/>\n<meta property=\"og:title\" content=\"Legal information - Marseille Serie Stories\" \/>\n<meta property=\"og:description\" content=\"Editor D\u00e9partement des Bouches-du-Rh\u00f4ne H\u00f4tel du D\u00e9partement, 52 avenue de Saint Just &#8211; 13256 cedex 20 Marseille + 33 (0)4 13 31 13 13 Email contact via https:\/\/www.departement13.fr\/demarche-qualite-accueil\/le-13-a-votre-ecoute\/ Siret N\u00b0 : 221300015 00247 Code APE : 8411Z &#8211; Administration publique g\u00e9n\u00e9rale &nbsp; Publication Director Martine Vassal, Pr\u00e9sidente du Conseil d\u00e9partemental des Bouches-du-Rh\u00f4ne &nbsp; Web hosting [&hellip;]\" \/>\n<meta property=\"og:url\" content=\"https:\/\/www.marseilleseriesstories.com\/en\/legal-information\/\" \/>\n<meta property=\"og:site_name\" content=\"Marseille Serie Stories\" \/>\n<meta name=\"twitter:card\" content=\"summary_large_image\" \/>\n<script type=\"application\/ld+json\" class=\"yoast-schema-graph\">{\"@context\":\"https:\/\/schema.org\",\"@graph\":[{\"@type\":\"WebPage\",\"@id\":\"https:\/\/www.marseilleseriesstories.com\/en\/legal-information\/\",\"url\":\"https:\/\/www.marseilleseriesstories.com\/en\/legal-information\/\",\"name\":\"Legal information - Marseille Serie Stories\",\"isPartOf\":{\"@id\":\"https:\/\/www.marseilleseriesstories.com\/en\/#website\"},\"datePublished\":\"2021-08-17T16:33:41+00:00\",\"dateModified\":\"2021-08-17T16:33:41+00:00\",\"breadcrumb\":{\"@id\":\"https:\/\/www.marseilleseriesstories.com\/en\/legal-information\/#breadcrumb\"},\"inLanguage\":\"en-US\",\"potentialAction\":[{\"@type\":\"ReadAction\",\"target\":[\"https:\/\/www.marseilleseriesstories.com\/en\/legal-information\/\"]}]},{\"@type\":\"BreadcrumbList\",\"@id\":\"https:\/\/www.marseilleseriesstories.com\/en\/legal-information\/#breadcrumb\",\"itemListElement\":[{\"@type\":\"ListItem\",\"position\":1,\"name\":\"Home\",\"item\":\"https:\/\/www.marseilleseriesstories.com\/en\/\"},{\"@type\":\"ListItem\",\"position\":2,\"name\":\"Legal information\"}]},{\"@type\":\"WebSite\",\"@id\":\"https:\/\/www.marseilleseriesstories.com\/en\/#website\",\"url\":\"https:\/\/www.marseilleseriesstories.com\/en\/\",\"name\":\"Marseille Serie Stories\",\"description\":\"\",\"publisher\":{\"@id\":\"https:\/\/www.marseilleseriesstories.com\/en\/#organization\"},\"potentialAction\":[{\"@type\":\"SearchAction\",\"target\":{\"@type\":\"EntryPoint\",\"urlTemplate\":\"https:\/\/www.marseilleseriesstories.com\/en\/?s={search_term_string}\"},\"query-input\":\"required name=search_term_string\"}],\"inLanguage\":\"en-US\"},{\"@type\":\"Organization\",\"@id\":\"https:\/\/www.marseilleseriesstories.com\/en\/#organization\",\"name\":\"Marseille Serie Stories\",\"url\":\"https:\/\/www.marseilleseriesstories.com\/en\/\",\"logo\":{\"@type\":\"ImageObject\",\"inLanguage\":\"en-US\",\"@id\":\"https:\/\/www.marseilleseriesstories.com\/en\/#\/schema\/logo\/image\/\",\"url\":\"https:\/\/www.marseilleseriesstories.com\/wp-content\/uploads\/2021\/08\/logo-blue-1.svg\",\"contentUrl\":\"https:\/\/www.marseilleseriesstories.com\/wp-content\/uploads\/2021\/08\/logo-blue-1.svg\",\"caption\":\"Marseille Serie Stories\"},\"image\":{\"@id\":\"https:\/\/www.marseilleseriesstories.com\/en\/#\/schema\/logo\/image\/\"}}]}<\/script>\n<!-- \/ Yoast SEO plugin. -->","yoast_head_json":{"title":"Legal information - Marseille Serie Stories","robots":{"index":"index","follow":"follow","max-snippet":"max-snippet:-1","max-image-preview":"max-image-preview:large","max-video-preview":"max-video-preview:-1"},"canonical":"https:\/\/www.marseilleseriesstories.com\/en\/legal-information\/","og_locale":"en_US","og_type":"article","og_title":"Legal information - Marseille Serie Stories","og_description":"Editor D\u00e9partement des Bouches-du-Rh\u00f4ne H\u00f4tel du D\u00e9partement, 52 avenue de Saint Just &#8211; 13256 cedex 20 Marseille + 33 (0)4 13 31 13 13 Email contact via https:\/\/www.departement13.fr\/demarche-qualite-accueil\/le-13-a-votre-ecoute\/ Siret N\u00b0 : 221300015 00247 Code APE : 8411Z &#8211; Administration publique g\u00e9n\u00e9rale &nbsp; Publication Director Martine Vassal, Pr\u00e9sidente du Conseil d\u00e9partemental des Bouches-du-Rh\u00f4ne &nbsp; Web hosting [&hellip;]","og_url":"https:\/\/www.marseilleseriesstories.com\/en\/legal-information\/","og_site_name":"Marseille Serie Stories","twitter_card":"summary_large_image","schema":{"@context":"https:\/\/schema.org","@graph":[{"@type":"WebPage","@id":"https:\/\/www.marseilleseriesstories.com\/en\/legal-information\/","url":"https:\/\/www.marseilleseriesstories.com\/en\/legal-information\/","name":"Legal information - Marseille Serie Stories","isPartOf":{"@id":"https:\/\/www.marseilleseriesstories.com\/en\/#website"},"datePublished":"2021-08-17T16:33:41+00:00","dateModified":"2021-08-17T16:33:41+00:00","breadcrumb":{"@id":"https:\/\/www.marseilleseriesstories.com\/en\/legal-information\/#breadcrumb"},"inLanguage":"en-US","potentialAction":[{"@type":"ReadAction","target":["https:\/\/www.marseilleseriesstories.com\/en\/legal-information\/"]}]},{"@type":"BreadcrumbList","@id":"https:\/\/www.marseilleseriesstories.com\/en\/legal-information\/#breadcrumb","itemListElement":[{"@type":"ListItem","position":1,"name":"Home","item":"https:\/\/www.marseilleseriesstories.com\/en\/"},{"@type":"ListItem","position":2,"name":"Legal information"}]},{"@type":"WebSite","@id":"https:\/\/www.marseilleseriesstories.com\/en\/#website","url":"https:\/\/www.marseilleseriesstories.com\/en\/","name":"Marseille Serie Stories","description":"","publisher":{"@id":"https:\/\/www.marseilleseriesstories.com\/en\/#organization"},"potentialAction":[{"@type":"SearchAction","target":{"@type":"EntryPoint","urlTemplate":"https:\/\/www.marseilleseriesstories.com\/en\/?s={search_term_string}"},"query-input":"required name=search_term_string"}],"inLanguage":"en-US"},{"@type":"Organization","@id":"https:\/\/www.marseilleseriesstories.com\/en\/#organization","name":"Marseille Serie Stories","url":"https:\/\/www.marseilleseriesstories.com\/en\/","logo":{"@type":"ImageObject","inLanguage":"en-US","@id":"https:\/\/www.marseilleseriesstories.com\/en\/#\/schema\/logo\/image\/","url":"https:\/\/www.marseilleseriesstories.com\/wp-content\/uploads\/2021\/08\/logo-blue-1.svg","contentUrl":"https:\/\/www.marseilleseriesstories.com\/wp-content\/uploads\/2021\/08\/logo-blue-1.svg","caption":"Marseille Serie Stories"},"image":{"@id":"https:\/\/www.marseilleseriesstories.com\/en\/#\/schema\/logo\/image\/"}}]}},"_links":{"self":[{"href":"https:\/\/www.marseilleseriesstories.com\/en\/wp-json\/wp\/v2\/pages\/696"}],"collection":[{"href":"https:\/\/www.marseilleseriesstories.com\/en\/wp-json\/wp\/v2\/pages"}],"about":[{"href":"https:\/\/www.marseilleseriesstories.com\/en\/wp-json\/wp\/v2\/types\/page"}],"author":[{"embeddable":true,"href":"https:\/\/www.marseilleseriesstories.com\/en\/wp-json\/wp\/v2\/users\/3"}],"replies":[{"embeddable":true,"href":"https:\/\/www.marseilleseriesstories.com\/en\/wp-json\/wp\/v2\/comments?post=696"}],"version-history":[{"count":1,"href":"https:\/\/www.marseilleseriesstories.com\/en\/wp-json\/wp\/v2\/pages\/696\/revisions"}],"predecessor-version":[{"id":697,"href":"https:\/\/www.marseilleseriesstories.com\/en\/wp-json\/wp\/v2\/pages\/696\/revisions\/697"}],"wp:attachment":[{"href":"https:\/\/www.marseilleseriesstories.com\/en\/wp-json\/wp\/v2\/media?parent=696"}],"curies":[{"name":"wp","href":"https:\/\/api.w.org\/{rel}","templated":true}]}}