{"id":6367,"date":"2024-08-12T09:59:56","date_gmt":"2024-08-12T07:59:56","guid":{"rendered":"https:\/\/www.marseilleseriesstories.com\/?page_id=6367"},"modified":"2024-08-12T09:59:56","modified_gmt":"2024-08-12T07:59:56","slug":"gcu-2024","status":"publish","type":"page","link":"https:\/\/www.marseilleseriesstories.com\/en\/gcu-2024\/","title":{"rendered":"GCU 2024"},"content":{"rendered":"<div data-scroll-container=\"\">\n<div data-scroll-section=\"\" data-scroll-section-id=\"section0\" data-scroll-section-inview=\"\">\n<div id=\"wrapContainer\"><main id=\"main\" class=\"main\"><\/p>\n<section class=\"block-edition\">\n<div class=\"container\">\n<div class=\"tabs-panel mt-3\">\n<div class=\"panel\">\n<div class=\"pl-4\">\n<div class=\"wyswyg --wyswyg-2 px-md-5\">\n<h2 class=\"title-bg\"><span style=\"font-size: 16px;\">GENERAL TERMS OF USE OF THE WEBSITE AND PROTECTION OF PERSONAL DATA<\/span><\/h2>\n<div class=\"pl-2 pl-md-4\">\n<p>The purpose of these General Terms of Use (hereafter referred to as the GTU) is to define the terms and conditions under which the Department of Bouches-du-Rh\u00f4ne provides users (hereafter referred to as the Users) of the\u00a0<a href=\"http:\/\/www.marseilleseriesstories.com\/\">http:\/\/www.marseilleseriesstories.com<\/a>\u00a0website (hereafter referred to as the Website) with the associated services and the way in which the Users access the Website and use its services.<\/p>\n<p>Any connection to the Website is subject to compliance with the GCU.<\/p>\n<p>The user acknowledges that mere access to the Website implies acceptance of all the conditions described below.<\/p>\n<p><strong>Access to the Website<\/strong><\/p>\n<p>The user of the Website acknowledges having verified that the computer configuration he\/she is using does not contain any virus and that it is in perfect working order.<\/p>\n<p>It is reminded that the secrecy of communications is not guaranteed on the Internet network and that it is up to each Internet user to take all appropriate measures to protect his\/her own data and\/or software from contamination by any viruses circulating on the Internet.<\/p>\n<p>The Department of Bouches-du-Rh\u00f4ne cannot be held responsible for any direct or indirect damage that may result from accessing, using or downloading content via the Website, in particular, damage or viruses that may infect the User\u2019s computer or any other equipment.<\/p>\n<p>The Department of Bouches-du-Rh\u00f4ne strives to provide access to the Website 24 hours a day, 7 days a week, except in the event of force majeure or an event beyond its control, and subject to any breakdowns and maintenance operations necessary for the proper functioning of the Website and services.<\/p>\n<p>Therefore, the Department of Bouches-du-Rh\u00f4ne cannot guarantee the availability of the Website and\/or services, the reliability of transmissions and performance in terms of response time or quality. No technical assistance is provided to the User, whether by electronic or telephone support.<\/p>\n<p>The Department of Bouches-du-Rh\u00f4ne may not be held liable in the event that it is impossible to access this Website and\/or use the services.<\/p>\n<p>Furthermore, the D\u00e9partement des Bouches-du-Rh\u00f4ne may have to interrupt the Website or part of the services at any time without prior notice and without the right to indemnity. The User acknowledges and accepts that the Department of Bouches-du-Rh\u00f4ne is not responsible for any interruptions and the consequences that may result for the User or any other third party.<\/p>\n<p><strong>Website contents<\/strong><\/p>\n<p>The information and\/or documents appearing on the Website and\/or available through the Website come from sources considered reliable.<\/p>\n<p>However, this information and\/or documents may contain technical inaccuracies and typographical errors.<\/p>\n<p>The Department of Bouches-du-Rh\u00f4ne reserves the right to correct these errors as soon as they are notified to its attention.<\/p>\n<p>It is strongly recommended to check the accuracy and relevance of the information and\/or documents made available on the Website.<\/p>\n<p>The information and\/or documents available on the Website may be modified at any time and may have been updated. In particular, they may have been updated between the moment they are downloaded and the moment the user becomes aware of them.<\/p>\n<p>The use of the information and\/or documents available on the Website is the sole responsibility of the User, who assumes all the consequences that may result from it, without the Department of Bouches-du-Rh\u00f4ne being held liable.<\/p>\n<p>The Department of Bouches-du-Rh\u00f4ne cannot be held responsible for any damage of any kind resulting from the interpretation or use of the information and\/or documents available on the Website.<\/p>\n<p><strong>Intellectual property<\/strong><\/p>\n<p>The website\u00a0<a href=\"http:\/\/www.marseilleseriesstories.com\/\">http:\/\/www.marseilleseriesstories.com\/<\/a>\u00a0is the exclusive property of the Department of Bouches-du-Rh\u00f4ne.<\/p>\n<p>The general structure of the Website and its contents are the exclusive property of the Department of Bouches-du-Rh\u00f4ne and are legally protected under intellectual property law (copyright, databases, software, trademarks, etc.).<\/p>\n<p>Any reproduction, representation or adaptation of all or part of the Website by a natural or legal person, by any means whatsoever, without the explicit authorization of the Department of Bouches-du-Rh\u00f4ne is prohibited and constitutes an act of counterfeiting punishable under articles L. 335-2 et seq. of the French Code de la propri\u00e9t\u00e9 intellectuelle.<\/p>\n<p>Any reuse or extraction, in part or in total, of the Website\u2019s databases by a natural or legal person, by any means whatsoever, is prohibited and constitutes an act of counterfeiting punishable by articles L. 343-1 et seq. of the French Code de la propri\u00e9t\u00e9 intellectuelle.<\/p>\n<p>Any total or partial reproduction of the trademarks and logos of the Department of Bouches-du-Rh\u00f4ne made without its explicit authorization is prohibited in application of articles L. 713-2 and following of the French Code de la propri\u00e9t\u00e9 intellectuelle.<\/p>\n<p><strong>Hyperlinks<\/strong><\/p>\n<p>The Website may contain hyperlinks to other websites on the Internet. Links to these other resources will take you away from this Website.<\/p>\n<p>It is possible to create a hyperlink to the presentation page of this Website without the explicit authorization of the Department of Bouches-du-Rh\u00f4ne, insofar as the link displays the Website in a new browser window.<\/p>\n<p>However, the Department of Bouches-du-Rh\u00f4ne should be notified of this beforehand and may request the deletion of the hyperlink at any time.<\/p>\n<p>The present Privacy Policy is independent of the information privacy or confidentiality policies and any other practices of third parties as well as services published by the latter such as, in particular, Facebook Inc, Apple Inc, Google LLC, Microsoft Corp, such as mobile telephone operators or any third party operating a site or service to which one of the Services refers or refers back to, in particular by means of a hypertext link. The Departement of Bouches du Rh\u00f4ne declines all responsibility in this respect.<\/p>\n<p><strong><u>Protection of personal data<\/u><\/strong><\/p>\n<p><strong>The data controller<\/strong><\/p>\n<p>The person responsible for processing the personal data collected is the D\u00e9partement des Bouches-du-Rh\u00f4ne.<\/p>\n<p>In accordance with the French Data Protection Act no. 78-17 of 6 January 1978, as amended, and with the General Regulation on the Protection of Personal Data (hereinafter \u201cRGPD\u201d) no. 2016\/679\/EU of 27 April 2016, the D\u00e9partement des Bouches-du-Rh\u00f4ne, as data controller, collects, stores and processes personal data concerning Users of the Site. In this respect, it guarantees respect for the privacy of Users of the Site.<\/p>\n<p><strong>Personal data collected<\/strong><\/p>\n<p>The collection of personal data relating to users of the Site will be limited to data that is adequate, relevant and strictly necessary for the purpose of processing.<\/p>\n<p>When using the Site, User data may be collected and processed for the following purposes:<\/p>\n<ul>\n<li>Management of information and contact requests<\/li>\n<\/ul>\n<p>The User, an individual, may be asked to provide personal data by email when requesting information or making contact. This data consists of the User\u2019s e-mail address, surname and first name.<\/p>\n<p>This information is processed on the basis of the legitimate interests pursued by the D\u00e9partement des Bouches-du-Rh\u00f4ne in order to respond to requests.<\/p>\n<p>It will be kept until the end of the festival at the latest, unless the nature of the request requires it to be kept for a longer period in accordance with regulations and the limitation period for any legal action.<\/p>\n<ul>\n<li>Management of email alerts<\/li>\n<\/ul>\n<p>Users are invited to provide their e-mail address if they wish to receive information and news about the festival.<\/p>\n<p>This information is processed on the basis of the User\u2019s consent. The User may unsubscribe from email alerts at any time by clicking on the unsubscribe link present on all of the festival\u2019s promotional communications.<\/p>\n<ul>\n<li>Management of the press accreditation and the press page<\/li>\n<\/ul>\n<p>Certain Users, in their capacity as press professionals, may request accreditation by email, which will give them access to the press area. The data processed in this context is their surname, first name, email address and proof of their profession.<\/p>\n<p>This data is processed on the basis of the legitimate interest of the D\u00e9partement des Bouches-du-Rh\u00f4ne in selecting the beneficiaries of press accreditation.<\/p>\n<p>It will be kept until the end of the festival at the latest, unless the nature of the request requires it to be kept for a longer period in accordance with regulations and the statute of limitations for any legal action.<\/p>\n<ul>\n<li>Management of professional accreditations and professinal account<\/li>\n<\/ul>\n<p>The management of professional accreditation, excluding press accreditation, is sub-contracted to FESTICINE.<\/p>\n<p>The User data processed in this context is their surname, first name, telephone number, e-mail address, the name and address of the registered office of the company that employs them or that they represent, and their profession.<\/p>\n<p>Users who obtain professional accreditation accept that their personal data collected as part of the application for professional accreditation will also be used to create their personal account on the FESTICINE platform, which will enable them to access the network of professionals set up by the data controller and to use the services made available in this context in accordance with the applicable general conditions of use, which can be accessed at the following link\u00a0<a href=\"https:\/\/blog.festicine.pro\/festicine-festicine\/up\/accueil\/cgv-le-village.pdf\">https:\/\/blog.festicine.pro\/festicine-festicine\/up\/accueil\/cgv-le-village.pdf<\/a><\/p>\n<p>This data is processed on the basis of the legitimate interests of the D\u00e9partement des Bouches-du-Rh\u00f4ne, for the selection of beneficiaries of professional accreditation and the performance of the professional accreditation sales contract accepted by the User.<\/p>\n<p>This data is kept until the end of the festival at the latest, unless the nature of the request requires it to be kept for a longer period in accordance with regulations and the limitation period for any legal action.<\/p>\n<ul>\n<li>Management of reservations<\/li>\n<\/ul>\n<p>The reservation of tickets by Users for physical events is subcontracted to WEEZEVENT whose general conditions of use are accessible through the following link:\u00a0<a href=\"https:\/\/weezevent.com\/fr\/cgus\/\">https:\/\/weezevent.com\/fr\/cgus\/<\/a>\u00a0.<\/p>\n<p>The personal data requested from the User in this context is their first name, last name, email, telephone number, postcode and age.<\/p>\n<p>This data may be used to send useful information to the User, particularly in connection with his\/her visit to the festival.<\/p>\n<p>It will be kept until the end of the festival at the latest, unless the nature of the request requires it to be kept for a longer period in accordance with regulations and the limitation period for any legal action.<\/p>\n<\/div>\n<ul>\n<li>Refunds<\/li>\n<\/ul>\n<p>The purchase of individual and professional passes cannot be refunded, except in cases of force majeure duly justified by concrete elements. Any claim for refund due to force majeure must be accompanied by tangible evidence and will be considered on a case-by-case basis by the Organiser.<\/p>\n<div class=\"pl-2 pl-md-4\">\n<p><strong>Recipients of the data<\/strong><\/p>\n<p>In all cases, the data collected is intended for the authorised departments of the D\u00e9partement des Bouches du Rh\u00f4ne and its service providers, subcontractors within the meaning of the RGPD, strictly insofar as they are required to meet the subcontracted purposes.<\/p>\n<p>No personal data is transferred outside the European Union.<\/p>\n<p><strong>Security of personal data<\/strong><\/p>\n<p>Personal data collected and processed on the Site is protected by appropriate technical and organisational measures to ensure a level of security appropriate to the risk.<\/p>\n<p><strong>User\u2019s rights<\/strong><\/p>\n<p>The User of the Website is informed that he\/she has a right of access, rectification, deletion, limitation, portability (when applicable) and opposition on the data concerning him\/her.<\/p>\n<p>The User may exercise these rights by contacting the DPO service of the Department of Bouches-du-Rh\u00f4ne:<\/p>\n<p>\u2013 By e-mail at\u00a0<a href=\"mailto:dpo13@departement13.fr\">dpo13@departement13.fr<\/a>;<\/p>\n<p>\u2013 By post at the following address<\/p>\n<p>D\u00e9partement des Bouches-du-Rh\u00f4ne<\/p>\n<p>A l\u2019attention du D\u00e9l\u00e9gu\u00e9 \u00e0 la protection des donn\u00e9es<\/p>\n<p>H\u00f4tel du D\u00e9partement<\/p>\n<p>52, avenue de Saint Just<\/p>\n<p>13256 Marseille Cedex 20<\/p>\n<p>Users of the Website are required to comply with the French Loi Informatique et Libert\u00e9s and the RGPD, including abstaining from any gathering or misuse of personal data to which they can access.<\/p>\n<p><strong>Modification of the conditions of use<\/strong><\/p>\n<p>The D\u00e9partement des Bouches-du-Rh\u00f4ne reserves the right to modify, at any time and without prior notice, these general conditions of use in order to adapt them to changes in the Site and\/or its operation or to comply with any applicable regulatory changes.<\/p>\n<p><strong>Applicable law and jurisdiction<\/strong><\/p>\n<p>These General Terms and Conditions of Use and the content of the Site are governed by French law.<br \/>\nThe parties agree that any disputes arising out of or in connection with these Terms of Use, which cannot be settled amicably, shall be submitted to the competent French courts.<\/p>\n<\/div>\n<\/div>\n<\/div>\n<\/div>\n<\/div>\n<\/div>\n<\/section>\n<p><\/main><\/div>\n<\/div>\n<\/div>\n","protected":false},"excerpt":{"rendered":"<p>GENERAL TERMS OF USE OF THE WEBSITE AND PROTECTION OF PERSONAL DATA The purpose of these General Terms of Use (hereafter referred to as the GTU) is to define the terms and conditions under which the Department of Bouches-du-Rh\u00f4ne provides users (hereafter referred to as the Users) of the\u00a0http:\/\/www.marseilleseriesstories.com\u00a0website (hereafter referred to as the Website) [&hellip;]<\/p>\n","protected":false},"author":3,"featured_media":0,"parent":0,"menu_order":0,"comment_status":"closed","ping_status":"closed","template":"","meta":[],"acf":[],"yoast_head":"<!-- This site is optimized with the Yoast SEO plugin v21.8.1 - https:\/\/yoast.com\/wordpress\/plugins\/seo\/ -->\n<title>GCU 2024 - Marseille Serie Stories<\/title>\n<meta name=\"robots\" content=\"index, follow, max-snippet:-1, max-image-preview:large, max-video-preview:-1\" \/>\n<link rel=\"canonical\" href=\"https:\/\/www.marseilleseriesstories.com\/en\/gcu-2024\/\" \/>\n<meta property=\"og:locale\" content=\"en_US\" \/>\n<meta property=\"og:type\" content=\"article\" \/>\n<meta property=\"og:title\" content=\"GCU 2024 - Marseille Serie Stories\" \/>\n<meta property=\"og:description\" content=\"GENERAL TERMS OF USE OF THE WEBSITE AND PROTECTION OF PERSONAL DATA The purpose of these General Terms of Use (hereafter referred to as the GTU) is to define the terms and conditions under which the Department of Bouches-du-Rh\u00f4ne provides users (hereafter referred to as the Users) of the\u00a0http:\/\/www.marseilleseriesstories.com\u00a0website (hereafter referred to as the Website) [&hellip;]\" \/>\n<meta property=\"og:url\" content=\"https:\/\/www.marseilleseriesstories.com\/en\/gcu-2024\/\" \/>\n<meta property=\"og:site_name\" content=\"Marseille Serie Stories\" \/>\n<meta name=\"twitter:card\" content=\"summary_large_image\" \/>\n<meta name=\"twitter:label1\" content=\"Est. reading time\" \/>\n\t<meta name=\"twitter:data1\" content=\"11 minutes\" \/>\n<script type=\"application\/ld+json\" class=\"yoast-schema-graph\">{\"@context\":\"https:\/\/schema.org\",\"@graph\":[{\"@type\":\"WebPage\",\"@id\":\"https:\/\/www.marseilleseriesstories.com\/en\/gcu-2024\/\",\"url\":\"https:\/\/www.marseilleseriesstories.com\/en\/gcu-2024\/\",\"name\":\"GCU 2024 - Marseille Serie Stories\",\"isPartOf\":{\"@id\":\"https:\/\/www.marseilleseriesstories.com\/en\/#website\"},\"datePublished\":\"2024-08-12T07:59:56+00:00\",\"dateModified\":\"2024-08-12T07:59:56+00:00\",\"breadcrumb\":{\"@id\":\"https:\/\/www.marseilleseriesstories.com\/en\/gcu-2024\/#breadcrumb\"},\"inLanguage\":\"en-US\",\"potentialAction\":[{\"@type\":\"ReadAction\",\"target\":[\"https:\/\/www.marseilleseriesstories.com\/en\/gcu-2024\/\"]}]},{\"@type\":\"BreadcrumbList\",\"@id\":\"https:\/\/www.marseilleseriesstories.com\/en\/gcu-2024\/#breadcrumb\",\"itemListElement\":[{\"@type\":\"ListItem\",\"position\":1,\"name\":\"Home\",\"item\":\"https:\/\/www.marseilleseriesstories.com\/en\/\"},{\"@type\":\"ListItem\",\"position\":2,\"name\":\"GCU 2024\"}]},{\"@type\":\"WebSite\",\"@id\":\"https:\/\/www.marseilleseriesstories.com\/en\/#website\",\"url\":\"https:\/\/www.marseilleseriesstories.com\/en\/\",\"name\":\"Marseille Serie Stories\",\"description\":\"\",\"publisher\":{\"@id\":\"https:\/\/www.marseilleseriesstories.com\/en\/#organization\"},\"potentialAction\":[{\"@type\":\"SearchAction\",\"target\":{\"@type\":\"EntryPoint\",\"urlTemplate\":\"https:\/\/www.marseilleseriesstories.com\/en\/?s={search_term_string}\"},\"query-input\":\"required name=search_term_string\"}],\"inLanguage\":\"en-US\"},{\"@type\":\"Organization\",\"@id\":\"https:\/\/www.marseilleseriesstories.com\/en\/#organization\",\"name\":\"Marseille Serie Stories\",\"url\":\"https:\/\/www.marseilleseriesstories.com\/en\/\",\"logo\":{\"@type\":\"ImageObject\",\"inLanguage\":\"en-US\",\"@id\":\"https:\/\/www.marseilleseriesstories.com\/en\/#\/schema\/logo\/image\/\",\"url\":\"https:\/\/www.marseilleseriesstories.com\/wp-content\/uploads\/2021\/08\/logo-blue-1.svg\",\"contentUrl\":\"https:\/\/www.marseilleseriesstories.com\/wp-content\/uploads\/2021\/08\/logo-blue-1.svg\",\"caption\":\"Marseille Serie Stories\"},\"image\":{\"@id\":\"https:\/\/www.marseilleseriesstories.com\/en\/#\/schema\/logo\/image\/\"}}]}<\/script>\n<!-- \/ Yoast SEO plugin. -->","yoast_head_json":{"title":"GCU 2024 - Marseille Serie Stories","robots":{"index":"index","follow":"follow","max-snippet":"max-snippet:-1","max-image-preview":"max-image-preview:large","max-video-preview":"max-video-preview:-1"},"canonical":"https:\/\/www.marseilleseriesstories.com\/en\/gcu-2024\/","og_locale":"en_US","og_type":"article","og_title":"GCU 2024 - Marseille Serie Stories","og_description":"GENERAL TERMS OF USE OF THE WEBSITE AND PROTECTION OF PERSONAL DATA The purpose of these General Terms of Use (hereafter referred to as the GTU) is to define the terms and conditions under which the Department of Bouches-du-Rh\u00f4ne provides users (hereafter referred to as the Users) of the\u00a0http:\/\/www.marseilleseriesstories.com\u00a0website (hereafter referred to as the Website) [&hellip;]","og_url":"https:\/\/www.marseilleseriesstories.com\/en\/gcu-2024\/","og_site_name":"Marseille Serie Stories","twitter_card":"summary_large_image","twitter_misc":{"Est. reading time":"11 minutes"},"schema":{"@context":"https:\/\/schema.org","@graph":[{"@type":"WebPage","@id":"https:\/\/www.marseilleseriesstories.com\/en\/gcu-2024\/","url":"https:\/\/www.marseilleseriesstories.com\/en\/gcu-2024\/","name":"GCU 2024 - Marseille Serie Stories","isPartOf":{"@id":"https:\/\/www.marseilleseriesstories.com\/en\/#website"},"datePublished":"2024-08-12T07:59:56+00:00","dateModified":"2024-08-12T07:59:56+00:00","breadcrumb":{"@id":"https:\/\/www.marseilleseriesstories.com\/en\/gcu-2024\/#breadcrumb"},"inLanguage":"en-US","potentialAction":[{"@type":"ReadAction","target":["https:\/\/www.marseilleseriesstories.com\/en\/gcu-2024\/"]}]},{"@type":"BreadcrumbList","@id":"https:\/\/www.marseilleseriesstories.com\/en\/gcu-2024\/#breadcrumb","itemListElement":[{"@type":"ListItem","position":1,"name":"Home","item":"https:\/\/www.marseilleseriesstories.com\/en\/"},{"@type":"ListItem","position":2,"name":"GCU 2024"}]},{"@type":"WebSite","@id":"https:\/\/www.marseilleseriesstories.com\/en\/#website","url":"https:\/\/www.marseilleseriesstories.com\/en\/","name":"Marseille Serie Stories","description":"","publisher":{"@id":"https:\/\/www.marseilleseriesstories.com\/en\/#organization"},"potentialAction":[{"@type":"SearchAction","target":{"@type":"EntryPoint","urlTemplate":"https:\/\/www.marseilleseriesstories.com\/en\/?s={search_term_string}"},"query-input":"required name=search_term_string"}],"inLanguage":"en-US"},{"@type":"Organization","@id":"https:\/\/www.marseilleseriesstories.com\/en\/#organization","name":"Marseille Serie Stories","url":"https:\/\/www.marseilleseriesstories.com\/en\/","logo":{"@type":"ImageObject","inLanguage":"en-US","@id":"https:\/\/www.marseilleseriesstories.com\/en\/#\/schema\/logo\/image\/","url":"https:\/\/www.marseilleseriesstories.com\/wp-content\/uploads\/2021\/08\/logo-blue-1.svg","contentUrl":"https:\/\/www.marseilleseriesstories.com\/wp-content\/uploads\/2021\/08\/logo-blue-1.svg","caption":"Marseille Serie Stories"},"image":{"@id":"https:\/\/www.marseilleseriesstories.com\/en\/#\/schema\/logo\/image\/"}}]}},"_links":{"self":[{"href":"https:\/\/www.marseilleseriesstories.com\/en\/wp-json\/wp\/v2\/pages\/6367"}],"collection":[{"href":"https:\/\/www.marseilleseriesstories.com\/en\/wp-json\/wp\/v2\/pages"}],"about":[{"href":"https:\/\/www.marseilleseriesstories.com\/en\/wp-json\/wp\/v2\/types\/page"}],"author":[{"embeddable":true,"href":"https:\/\/www.marseilleseriesstories.com\/en\/wp-json\/wp\/v2\/users\/3"}],"replies":[{"embeddable":true,"href":"https:\/\/www.marseilleseriesstories.com\/en\/wp-json\/wp\/v2\/comments?post=6367"}],"version-history":[{"count":2,"href":"https:\/\/www.marseilleseriesstories.com\/en\/wp-json\/wp\/v2\/pages\/6367\/revisions"}],"predecessor-version":[{"id":6369,"href":"https:\/\/www.marseilleseriesstories.com\/en\/wp-json\/wp\/v2\/pages\/6367\/revisions\/6369"}],"wp:attachment":[{"href":"https:\/\/www.marseilleseriesstories.com\/en\/wp-json\/wp\/v2\/media?parent=6367"}],"curies":[{"name":"wp","href":"https:\/\/api.w.org\/{rel}","templated":true}]}}